{"id":313860,"date":"2025-02-25T13:21:40","date_gmt":"2025-02-25T12:21:40","guid":{"rendered":"https:\/\/sport.kids.hr\/?post_type=product&#038;p=313860"},"modified":"2025-02-25T13:22:35","modified_gmt":"2025-02-25T12:22:35","slug":"test-1-test-1-copy-copy","status":"publish","type":"product","link":"https:\/\/sport.kids.hr\/sl\/product\/test-1-test-1-copy-copy\/","title":{"rendered":"Test 1 test 1 (Copy) (Copy)"},"content":{"rendered":"<p>Ove skije su benchmark za sve on-piste skije.  <br \/>\nHero Master ST dizajnirali su in\u017eenjeri utrka Svjetskog kupa, za one koji \u017eele top tehni\u010dku razinu world cup konstrukcije koju mo\u017eete zamisliti.<br \/>\nMaster ST se mo\u017ee pohvaliti istom inovativnom konstrukcijom kao na\u0161e WC FIS SL skije, u zabavnom slalomskom  obliku zavoja.<br \/>\nSidecut skija je uskla\u0111en prema svakoj veli\u010dini skije kako bi se ostvarili maksimalno brzo, dinami\u010dni kratki zavoji iskori\u0161tavaju\u0107i G-silu.<br \/>\nProp Tech tehnologija u prednjem dijelu donosi preciznost, ravnote\u017eu i pobolj\u0161ava prijenos snage za optimiziranje prianjanja i stabilnosti.<\/p>","protected":false},"excerpt":{"rendered":"<p>Ove skije su benchmark za sve on-piste skije. Hero Master ST dizajnirali su in\u017eenjeri utrka Svjetskog kupa, za one koji \u017eele top tehni\u010dku razinu world cup konstrukcije koju mo\u017eete zamisliti. Master ST se mo\u017ee pohvaliti istom inovativnom konstrukcijom kao na\u0161e WC FIS SL skije, u zabavnom slalomskom obliku zavoja. Sidecut skija je uskla\u0111en prema svakoj&#8230;<\/p>","protected":false},"featured_media":285128,"template":"","meta":{"_acf_changed":false},"product_cat":[2657,2557,2701,2528,2553,2200,2201,2413],"product_tag":[],"class_list":{"0":"post-313860","1":"product","2":"type-product","3":"status-publish","4":"has-post-thumbnail","6":"product_cat-djecaci-coccodrillo","7":"product_cat-djevojcice-coccodrillo","8":"product_cat-male-djecaci","9":"product_cat-male-djevojcice-coccodrillo","10":"product_cat-mali-djecaci","11":"product_cat-rolanje","12":"product_cat-role","13":"product_cat-skijanje","14":"pa_namjena-skijanje","15":"pa_novo-da","16":"pa_radijus-3245","17":"pa_razina-skijanja-ekspert","18":"pa_spol-unisex","19":"pa_velicina-3250","20":"pa_velicina-3249","21":"pa_visina-3244","22":"pa_vrsta-skijanja-on-piste","24":"first","25":"instock","26":"taxable","27":"shipping-taxable","28":"purchasable","29":"product-type-variable"},"acf":[],"_links":{"self":[{"href":"https:\/\/sport.kids.hr\/sl\/wp-json\/wp\/v2\/product\/313860","targetHints":{"allow":["GET"]}}],"collection":[{"href":"https:\/\/sport.kids.hr\/sl\/wp-json\/wp\/v2\/product"}],"about":[{"href":"https:\/\/sport.kids.hr\/sl\/wp-json\/wp\/v2\/types\/product"}],"wp:featuredmedia":[{"embeddable":true,"href":"https:\/\/sport.kids.hr\/sl\/wp-json\/wp\/v2\/media\/285128"}],"wp:attachment":[{"href":"https:\/\/sport.kids.hr\/sl\/wp-json\/wp\/v2\/media?parent=313860"}],"wp:term":[{"taxonomy":"product_cat","embeddable":true,"href":"https:\/\/sport.kids.hr\/sl\/wp-json\/wp\/v2\/product_cat?post=313860"},{"taxonomy":"product_tag","embeddable":true,"href":"https:\/\/sport.kids.hr\/sl\/wp-json\/wp\/v2\/product_tag?post=313860"}],"curies":[{"name":"wp","href":"https:\/\/api.w.org\/{rel}","templated":true}]}}