{"id":8640,"date":"2024-04-04T12:49:28","date_gmt":"2024-04-04T12:49:28","guid":{"rendered":"https:\/\/sport.kids.hr\/?page_id=8640"},"modified":"2024-04-04T13:03:29","modified_gmt":"2024-04-04T13:03:29","slug":"izjava-o-konverziji","status":"publish","type":"page","link":"https:\/\/sport.kids.hr\/sl\/izjava-o-konverziji\/","title":{"rendered":"Izjava o konverziji"},"content":{"rendered":"<p>Izjava o konverziji valute vrijedi samo za pla\u0107anje izvan RH.<\/p><p>Sva pla\u0107anja biti \u0107e izvr\u0161ena u Eurima. Iznos koji \u0107e se naplatiti se dobiva kroz konverziju cijene prema va\u017ee\u0107em konverzije. Prilikom tere\u0107enja va\u0161e kreditne kartice, isti iznos se pretvara u lokalnu valutu prema te\u010daju karti\u010dnih ku\u0107a. Kao rezultat postoji mogu\u0107nost blage razlike od originalne cijene navedene na na\u0161im web stranicama.<\/p><p><strong><u>REKLAMACIJE I POVRAT<\/u><\/strong><\/p><p><strong>Reklamacije:<\/strong><\/p><p>Naru\u010deni proizvodi pakirani su na na\u010din da se uobi\u010dajenom manipulacijom u transportu\/dostavi ne o\u0161tete. Kupac je du\u017ean prilikom preuzimanja pregledati pakiranje po\u0161iljke. Ukoliko pakiranje po\u0161iljke ima vidljivih o\u0161te\u0107enja\/nedostataka, preporu\u010damo da kupac odbije primitak iste jer postoji mogu\u0107nost da je proizvod unutar takvog pakiranja o\u0161te\u0107en. Odbijanjem primitka, dostavna slu\u017eba \u0107e po\u0161iljku vratiti Ivaro Fashion-u, uz napomenu da po\u0161iljka sadr\u017ei nedostatak.<\/p><p>Reklamacije vezane za nedostatke proizvoda te svi ostali prigovori mogu se izjaviti u pisanoj formi putem elektroni\u010dke ili obi\u010dne po\u0161te.<\/p><p>na e-mail adresu:&nbsp;office@ivaro-fashion.hr,<\/p><p>na adresu: Ivaro Fashion d.o.o, Heinzelova 62a, 10 000 Zagreb.<\/p><p>U slu\u010daju opravdane reklamacije omogu\u0107uje se raskid ugovora uz povrat upla\u0107enog iznosa ili zamjena proizvoda. U slu\u010daju opravdane reklamacije tro\u0161ak zamjene proizvoda s novim u cijelosti snosi Ivaro Fashion d.o.o.<\/p><p><strong>POVRAT robe:<\/strong><\/p><p>Pravo na jednostrani raskid Ugovora (povrat narud\u017ebe) imaju svi kupci role.hr web shopa. Povrat je mogu\u0107e zatra\u017eiti u roku od 14 dana. Tro\u0161kove povrata robe snose kupci. Ako osoblje kids.hr web shopa procijeni da je vra\u0107ena roba neo\u0161te\u0107ena i u originalnoj ambala\u017ei, izvr\u0161it \u0107emo povrat novca na Va\u0161 ra\u010dun. Ukoliko roba nije u odgovaraju\u0107em stanju (neno\u0161ena i neo\u0161te\u0107ena), morat \u0107ete platiti po\u0161tarinu u iznosu od 4,50 \u20ac\u00a0 kako bi Vam roba ponovno bila poslana na ku\u0107nu adresu.<\/p><p><strong>U slu\u010daju spora:<\/strong><\/p><p>Posebnom regulativom Europske unije, od&nbsp;15. 2. 2016. diljem cijele EU sporove vezane uz online&nbsp;kupnju&nbsp;biti \u0107e mogu\u0107e rije\u0161iti&nbsp;putem ODR platforme kojoj mo\u017eete pristupiti&nbsp;<a href=\"https:\/\/webgate.ec.europa.eu\/odr\/main\/index.cfm?event=main.home.chooseLanguage\">ovdje.<\/a>&nbsp;To zna\u010di da ukoliko nai\u0111ete na problem tijekom online kupnje unutar EU (neispravan proizvod, nemogu\u0107nost zamjene proizvoda itd.) svoj prigovor mo\u017eete na br\u017ei i jednostavniji na\u010din podnijeti na gornjem linku.&nbsp;Platformu mogu koristiti i potro\u0161a\u010di i trgovci, a prigovor je mogu\u0107e podnijeti na bilo kojem od 23 slu\u017ebena jezika EU.<\/p>","protected":false},"excerpt":{"rendered":"<p>Izjava o konverziji valute vrijedi samo za pla\u0107anje izvan RH. Sva pla\u0107anja biti \u0107e izvr\u0161ena u Eurima. Iznos koji \u0107e se naplatiti se dobiva kroz konverziju cijene prema va\u017ee\u0107em konverzije. Prilikom tere\u0107enja va\u0161e kreditne kartice, isti iznos se pretvara u lokalnu valutu prema te\u010daju karti\u010dnih ku\u0107a. Kao rezultat postoji mogu\u0107nost blage razlike od originalne cijene&#8230;<\/p>","protected":false},"author":1,"featured_media":0,"parent":0,"menu_order":0,"comment_status":"closed","ping_status":"closed","template":"page-blank-title-center.php","meta":{"_acf_changed":false,"footnotes":""},"class_list":["post-8640","page","type-page","status-publish","hentry"],"acf":[],"_links":{"self":[{"href":"https:\/\/sport.kids.hr\/sl\/wp-json\/wp\/v2\/pages\/8640","targetHints":{"allow":["GET"]}}],"collection":[{"href":"https:\/\/sport.kids.hr\/sl\/wp-json\/wp\/v2\/pages"}],"about":[{"href":"https:\/\/sport.kids.hr\/sl\/wp-json\/wp\/v2\/types\/page"}],"author":[{"embeddable":true,"href":"https:\/\/sport.kids.hr\/sl\/wp-json\/wp\/v2\/users\/1"}],"replies":[{"embeddable":true,"href":"https:\/\/sport.kids.hr\/sl\/wp-json\/wp\/v2\/comments?post=8640"}],"version-history":[{"count":3,"href":"https:\/\/sport.kids.hr\/sl\/wp-json\/wp\/v2\/pages\/8640\/revisions"}],"predecessor-version":[{"id":250738,"href":"https:\/\/sport.kids.hr\/sl\/wp-json\/wp\/v2\/pages\/8640\/revisions\/250738"}],"wp:attachment":[{"href":"https:\/\/sport.kids.hr\/sl\/wp-json\/wp\/v2\/media?parent=8640"}],"curies":[{"name":"wp","href":"https:\/\/api.w.org\/{rel}","templated":true}]}}