{"id":8528,"date":"2023-10-13T07:09:41","date_gmt":"2023-10-13T07:09:41","guid":{"rendered":"https:\/\/sport.kids.hr\/?page_id=8528"},"modified":"2024-04-04T10:46:58","modified_gmt":"2024-04-04T10:46:58","slug":"uvjeti-koristenja","status":"publish","type":"page","link":"https:\/\/sport.kids.hr\/sl\/uvjeti-koristenja\/","title":{"rendered":"Uvjeti kori\u0161tenja"},"content":{"rendered":"<p><strong><u>Informacije o firmi:<\/u><\/strong><\/p><p>IVARO FASHION d.o.o.<br>Heinzelova 62A<br>10000 Zagreb<\/p><p>E-mail kontakt:&nbsp;office@ivaro-fashion.hr<br>Telefon: +385 (0)1 4875 694<\/p><p>Trgova\u010dki sud: Zagreb, God.osnivanja: 2018<br>Temeljni kapital: 2.654,46 \u20ac (20.000,00 kn)<br>Uprava: Roman Rogi\u0107 \u2013 direktor, Iva \u010covi\u0107 Rogi\u0107 \u2013prokurist<br>OIB:93401591688<\/p><p>Banka:Raiffeisen bank d.d. Zagreb<br>IBAN: HR5524840081135081428<br>Swift: RZBHHR2XXXX<\/p><p><strong><u>Pravila i uvjeti kori\u0161tenja:<\/u><\/strong><\/p><p>U nastavku se nalaze pravila i uvjeti za kori\u0161tenje sadr\u017eaja na kids.hr. Upoznajte se s pravilima prije po\u010detka kori\u0161tenja stranice kako bismo izbjegli eventualne naknadne nesporazume i posljedice u svezi s time.<\/p><p>S prvim kori\u0161tenjem kids.hr, smatra se da ste u cijelosti i u svakom trenutku upoznati s ovim uvjetima, da ih u potpunosti razumijete i da ih prihva\u0107ate. Ako niste suglasni s njima, molimo da ne pristupate kids.hri ne koristite njezine sadr\u017eaje.<\/p><p>Ivaro Fashion d.o.o. prikuplja osobne podatke kupaca samo u onoj mjeri koji su nu\u017eni za informiranje o novim i akcijskim proizvodima, dostavu promotivnih materijala, unaprje\u0111enje odnosa sa Kupcima te radi provjere drugih podataka neophodnih za online kupovinu i dostavu kupljene robe.<\/p><p>Ivaro Fashion d.o.o. se obvezuje \u0161titi sve osobne podatke Kupaca u skladu sa Zakonom o za\u0161titi osobnih podataka te se obvezuje da prikupljene podatke ne\u0107e ni na koji na\u010din ustupiti tre\u0107im osobama bez privole Kupca (osim podataka koji su nu\u017eni za izvr\u0161avanje dostave kupljenog proizvoda).<\/p><p>Kupac ima pravo zatra\u017eiti nadopunu, ispravak ili izmjenu neto\u010dnih osobnih podataka, kao i mogu\u0107nost izbora o upotrebi njegovih podataka uklju\u010duju\u0107i i uklanjanje sa liste za dostavu promotivnih materijala i obavijesti.<\/p><p>Stranice slu\u017ee kao elektroni\u010dko prodajno mjesto tvrtke, a Ivaro Fashion d.o.o. ne mo\u017ee preuzeti odgovornost za eventualne \u0161tete nastale uporabom informacija s ovih stranica u svrhe koje izlaze izvan okvira njihove predvi\u0111ene namjene.<\/p><p>Ivaro Fashion d.o.o. ne mo\u017ee se smatrati odgovornim za zlouporabe za koje se ne mo\u017ee utvrditi da su nastale kao posljedica tehni\u010dko-sigurnosnog propusta sustava web trgovine ili propusta djelatnika firme Ivaro Fashion d.o.o..<\/p><p>Svaki Krajnji korisnik sam je odgovoran i du\u017ean periodi\u010dno pregledati ovu stranicu i prou\u010diti bilo kakve promjene u Izjavi o povjerljivosti podataka. Nastavak uporabe ove Internetske stranice od strane Krajnjeg korisnika nakon stupanja na snagu takvih izmjena, podrazumijeva da Krajnji korisnik potvr\u0111uje i prihva\u0107a sve uvjete tako izmijenjene Izjave o povjerljivosti podataka.<\/p><p>Registracijom na stranicama na\u0161e web trgovine potvr\u0111ujete da ste u cijelosti upoznati te prihva\u0107ate ovdje navedene uvjete kori\u0161tenja.<\/p><p>Za sva pitanja ili nejasno\u0107e vezane za uvjete kori\u0161tenja, molimo da se obratite na e-mail adresu:&nbsp;office@ivaro-fashion.hr<\/p>","protected":false},"excerpt":{"rendered":"<p>Informacije o firmi: IVARO FASHION d.o.o.Heinzelova 62A10000 Zagreb E-mail kontakt:&nbsp;office@ivaro-fashion.hrTelefon: +385 (0)1 4875 694 Trgova\u010dki sud: Zagreb, God.osnivanja: 2018Temeljni kapital: 2.654,46 \u20ac (20.000,00 kn)Uprava: Roman Rogi\u0107 \u2013 direktor, Iva \u010covi\u0107 Rogi\u0107 \u2013prokuristOIB:93401591688 Banka:Raiffeisen bank d.d. ZagrebIBAN: HR5524840081135081428Swift: RZBHHR2XXXX Pravila i uvjeti kori\u0161tenja: U nastavku se nalaze pravila i uvjeti za kori\u0161tenje sadr\u017eaja na kids.hr. Upoznajte&#8230;<\/p>","protected":false},"author":1,"featured_media":0,"parent":0,"menu_order":0,"comment_status":"closed","ping_status":"closed","template":"page-blank-title-center.php","meta":{"_acf_changed":false,"footnotes":""},"class_list":["post-8528","page","type-page","status-publish","hentry"],"acf":[],"_links":{"self":[{"href":"https:\/\/sport.kids.hr\/sl\/wp-json\/wp\/v2\/pages\/8528","targetHints":{"allow":["GET"]}}],"collection":[{"href":"https:\/\/sport.kids.hr\/sl\/wp-json\/wp\/v2\/pages"}],"about":[{"href":"https:\/\/sport.kids.hr\/sl\/wp-json\/wp\/v2\/types\/page"}],"author":[{"embeddable":true,"href":"https:\/\/sport.kids.hr\/sl\/wp-json\/wp\/v2\/users\/1"}],"replies":[{"embeddable":true,"href":"https:\/\/sport.kids.hr\/sl\/wp-json\/wp\/v2\/comments?post=8528"}],"version-history":[{"count":2,"href":"https:\/\/sport.kids.hr\/sl\/wp-json\/wp\/v2\/pages\/8528\/revisions"}],"predecessor-version":[{"id":250670,"href":"https:\/\/sport.kids.hr\/sl\/wp-json\/wp\/v2\/pages\/8528\/revisions\/250670"}],"wp:attachment":[{"href":"https:\/\/sport.kids.hr\/sl\/wp-json\/wp\/v2\/media?parent=8528"}],"curies":[{"name":"wp","href":"https:\/\/api.w.org\/{rel}","templated":true}]}}