{"id":8502,"date":"2023-10-13T06:56:22","date_gmt":"2023-10-13T06:56:22","guid":{"rendered":"https:\/\/sport.kids.hr\/?page_id=8502"},"modified":"2024-04-04T12:18:14","modified_gmt":"2024-04-04T12:18:14","slug":"nacin-placanja","status":"publish","type":"page","link":"https:\/\/sport.kids.hr\/sl\/nacin-placanja\/","title":{"rendered":"Na\u010din pla\u0107anja"},"content":{"rendered":"<p><strong><u>KAKO KUPOVATI NA KIDS.HR<\/u><\/strong><\/p><p>Pla\u0107anje na internetskoj stranici www.kids.hr vr\u0161i se u eurima. Cijene su maloprodajne, izra\u017eene u eurima i u njima je sadr\u017ean pripadaju\u0107i PDV. &nbsp;Cijena svakog proizvoda odre\u0111ena je za svaki proizvod pojedina\u010dno. Proces upisivanja cijene na stranicu visoko je kontrolirani proces no unos cijena zahtjeva ljudski faktor te podrazumijeva mogu\u0107nost nastanka gre\u0161ke. Sve navedene cijene vrijede za kupovinu online, neovisno o eventualnoj cijeni za isti proizvod u trgovini.<\/p><p>Prodavatelj je ovla\u0161ten mijenjati cijene bez prethodne obavijesti kao \u0161to je ovla\u0161ten bez prethodne obavijesti mijenjati cijene isklju\u010divo za webshop. Tako\u0111er, Prodavatelj je ovla\u0161ten bez prethodne obavijesti u svakom trenutku odrediti popust, dnevne ili tjedne akcije, akcije za pojedini proizvod, grupu proizvoda i\/ili za sve proizvode. Navedene pogodnosti mogu biti isklju\u010dive za web kupovinu \u0161to \u0107e kupcu biti nazna\u010deno prije same kupovine.<\/p><p>Neovisno od prethodne to\u010dke ovih Op\u0107ih uvjeta, sva naru\u010dena roba biti \u0107e isporu\u010dena po cijenama koje su vrijedile pri izradi ponude.<\/p><p><strong>Sklapanje ugovora o prodaji<\/strong><\/p><p>Predmet i komercijalna svrha Ugovora je kupovina odabranog proizvoda ili usluge putem \u201cwww.kids.hr\u201d web trgovine uz pla\u0107anje odgovaraju\u0107e naknade \u2013 cijene toga proizvoda ili usluge. Ugovor se zaklju\u010duje sredstvima daljinske komunikacije (Ugovor sklopljen na daljinu) i to putem: internet narud\u017ebe \u2013 web trgovina, tiskanih promid\u017ebenih poruka s narud\u017ebenicom, telefona s ljudskim posredovanjem.<\/p><p>Kupac je ovla\u0161ten izabrati mogu\u0107nost da ga Prodavatelj informira o novim proizvodima, proizvodima na akciji sl. (newsletter). Nakon uspje\u0161no obavljene registracije (pravilno popunjeni svi tra\u017eeni podaci) na e-mail Kupca biti \u0107e dostavljena obavijest o uspje\u0161noj registraciji.&nbsp;<\/p><p>Proizvodi koje je mogu\u0107e kupiti ogla\u0161eni su na \u201e www.kids.hr \u201d a uz svaki proizvod navedeni su podaci o specifikaciji proizvoda, cijeni. Uvjeti i cijene dostave navedeni su pod \u201cInformacije o dostavi\u201d.<\/p><p>Odabir \u017eeljenog proizvoda vr\u0161i se spremanjem u \u201eko\u0161aricu\u201d klikom na link \u201eKo\u0161arica\u201d. Ukoliko Kupac izvr\u0161i kupnju proizvoda koji je, u me\u0111uvremenu, prodan tada \u0107e Prodavatelj kontaktirati kupca radi dogovora o daljnjem postupanju (povrat upla\u0107enog iznosa, kupnja drugog proizvoda ili isporuka proizvoda iste vrste kada ga Prodavatelj pribavi od svojih dobavlja\u010da). Prodavatelj, osim netom navedene obveze, ne odgovara Kupcu u opisanom slu\u010daju po bilo kojoj osnovi.<\/p><p>U \u201eko\u0161arici\u201d se nalaze svi proizvodi koje je Kupac odabrao za kupnju zajedno sa cijenom proizvoda te ukupnom cijenom (uklju\u010den PDV). Tro\u0161ak dostave izra\u010dunava se u sljede\u0107em koraku, nakon unosa dostavne adrese. Ukoliko Kupac \u017eeli nastaviti sa kupnjom odabire link \u201eNa naplatu\u201d, a sustav ga dalje automatski vodi do stranice \u201eKontakt podaci\u201d na kojoj je potrebno potvrditi podatke koje je kupac dao prilikom registracije, adrese dostave, potvrditi ili eventualno izmijeniti dostavu ra\u010duna i odabir na\u010dina pla\u0107anja (pla\u0107anje pouze\u0107em ili pla\u0107anje kreditnom karticom).<\/p><p>Po izvr\u0161enju naprijed navedenih koraka web trgovine i odabirom opcije \u201eZavr\u0161i narud\u017ebu\u201d, sustav automatski vodi Kupca na stranicu \u201ePotvrda narud\u017ebe\u201d, a na kojoj se nalaze podaci o broju narud\u017ebe, pla\u0107anju kao i obavijest o slanju potvrdnog maila ili SMS poruke koji sadr\u017ee podatke o izvr\u0161enoj narud\u017ebi.<\/p><p>Ako je kupac odabrao karti\u010dno pla\u0107anje klik na \u201eZavr\u0161i narud\u017ebu\u201d vodi ga na unos podataka vezanih za pla\u0107anje karticom.<\/p><p><strong>Registracija<\/strong><\/p><p>Kako bi obavili kupnju na web shopu, registracija nije obavezna. Potrebno je samo u prvom koraku checkout procesa ostaviti va\u017ee\u0107u e-mail adresu (ona kojoj imate omogu\u0107en pristup) kako bi Vam nakon unosa podataka potrebnih za obavljanje dostave bilo mogu\u0107e poslati potvrdu narud\u017ebe.<\/p><p>Ako ne \u017eelite svaki puta tijekom kupnje unositi adresu dostave, preporu\u010duje se brza registracija. Potrebno je samo jednom unijeti va\u017ee\u0107u e-mail adresu, osobne podatke (ime, prezime, adresa, po\u0161tanski broj, mjesto, broj telefona) te lozinku pomo\u0107u koje se pristupa korisni\u010dkom ra\u010dunu. Ona mo\u017ee biti proizvoljan niz znakova \u2013 \u0161to je du\u017ea, otpornija je na hakersko probijanje.<\/p><p>Nakon unosa tra\u017eenih podataka, registraciju je potrebno potvrditi klikom na polje \u201cRegistracija\u201d. Kreirani korisni\u010dki ra\u010dun ostaje registriran u sustavu, a pristupa mu se kombinacijom korisni\u010dkog imena i lozinke na stranici \u201cPrijava\u201d.<\/p><p>U slu\u010daju da ste zaboravili lozinku, na istoj stranici trebate kliknuti na \u201cZaboravljena lozinka?\u201d. Dolazite do stranice na kojoj mo\u017eete ostaviti svoju e-mail adresu s kojom ste se registrirali na web shopu, a na koju vam onda sustav automatski po\u0161alje link pomo\u0107u kojeg \u0107ete resetirati lozinku i dobiti novu.&nbsp; Nju mo\u017eete kasnije sami promijeniti u postavkama ra\u010duna budu\u0107i da automatski kreirane lozinke nisu lako \u2018pamtljive\u2019 (ili samo kliknite na DA kada vas preglednik pita da upamti unesenu lozinku da je ne morate svaki puta unositi kod prijave).<\/p><p>Ukratko, nakon kreiranja ra\u010duna, za svaku daljnju kupnju potrebna je samo prijava s korisni\u010dkim imenom i lozinkom.<\/p><p><strong>Pla\u0107anje<\/strong><\/p><p>Va\u0161u narud\u017ebu mo\u017eete platiti jednokratno,&nbsp;<strong>do 12 rata<\/strong>&nbsp;ili po&nbsp;<strong>primitku po\u0161iljke<\/strong>&nbsp;\u2013 na\u0161i na\u010dini pla\u0107anja su prilago\u0111eni va\u0161im mogu\u0107nostima.<\/p><p>Kids.hr vam omogu\u0107uje kupnju odabranih proizvoda pla\u0107anjem na sljede\u0107e na\u010dine:<\/p><p>1. Pla\u0107anje gotovinom po primitku po\u0161iljke:<\/p><p>Opcija pla\u0107anja pouze\u0107em vam omogu\u0107uje da iznos narud\u017ebe podmirite<strong>&nbsp;prilikom same dostave na navedenu adresu<\/strong>, tek kada robu vidite pred sobom. Pla\u0107anje pouze\u0107em se vr\u0161i isklju\u010divo gotovim novcem, dostavlja\u010du&nbsp;<strong>prilikom same isporuke<\/strong>&nbsp;na navedenu adresu.<\/p><ol class=\"wp-block-list\"><\/ol><p><strong>Jednokratno&nbsp;<\/strong>putem Diners, Mastercard\u00ae, Maestro\u00ae&nbsp;i Visa karticama<\/p><p>2. Pla\u0107anje karticama:<\/p><p><strong>Obro\u010dno pla\u0107anje 2-12 rata<\/strong>&nbsp;za MasterCard i Visa&nbsp; karticama Zagreba\u010dke banke za iznose iznad 70\u20ac.<\/p><p><strong>Obro\u010dno pla\u0107anje 2-6 rata<\/strong>\u00a0Visa, Diners, Master i Maestro karticama Erste banke<\/p><div class=\"wp-block-columns are-vertically-aligned-center is-layout-flex wp-container-core-columns-is-layout-9d6595d7 wp-block-columns-is-layout-flex\"><div class=\"wp-block-column is-vertically-aligned-center is-layout-flow wp-block-column-is-layout-flow\"><figure class=\"wp-block-image size-medium is-resized\"><a href=\"https:\/\/www.visa.com.hr\/\"><img loading=\"lazy\" decoding=\"async\" width=\"300\" height=\"300\" src=\"https:\/\/sport.kids.hr\/wp-content\/uploads\/2024\/04\/visa-1-300x300.png\" alt=\"\" class=\"wp-image-250691\" style=\"aspect-ratio:3\/2;object-fit:cover;width:200px\" srcset=\"https:\/\/sport.kids.hr\/wp-content\/uploads\/2024\/04\/visa-1-300x300.png 300w, https:\/\/sport.kids.hr\/wp-content\/uploads\/2024\/04\/visa-1-1024x1024.png 1024w, https:\/\/sport.kids.hr\/wp-content\/uploads\/2024\/04\/visa-1-150x150.png 150w, https:\/\/sport.kids.hr\/wp-content\/uploads\/2024\/04\/visa-1-768x768.png 768w, https:\/\/sport.kids.hr\/wp-content\/uploads\/2024\/04\/visa-1-1536x1536.png 1536w, https:\/\/sport.kids.hr\/wp-content\/uploads\/2024\/04\/visa-1-2048x2048.png 2048w, https:\/\/sport.kids.hr\/wp-content\/uploads\/2024\/04\/visa-1-400x400.png 400w, https:\/\/sport.kids.hr\/wp-content\/uploads\/2024\/04\/visa-1-510x510.png 510w, https:\/\/sport.kids.hr\/wp-content\/uploads\/2024\/04\/visa-1-100x100.png 100w, https:\/\/sport.kids.hr\/wp-content\/uploads\/2024\/04\/visa-1-64x64.png 64w\" sizes=\"auto, (max-width: 300px) 100vw, 300px\" \/><\/a><\/figure><\/div>\n\n<div class=\"wp-block-column is-vertically-aligned-center is-layout-flow wp-block-column-is-layout-flow\"><figure class=\"wp-block-image size-medium is-resized\"><a href=\"https:\/\/www.mastercard.hr\/hr-hr.html\"><img loading=\"lazy\" decoding=\"async\" width=\"300\" height=\"189\" src=\"https:\/\/sport.kids.hr\/wp-content\/uploads\/2024\/04\/mastercard-300x189.png\" alt=\"\" class=\"wp-image-250692\" style=\"width:200px\" srcset=\"https:\/\/sport.kids.hr\/wp-content\/uploads\/2024\/04\/mastercard-300x189.png 300w, https:\/\/sport.kids.hr\/wp-content\/uploads\/2024\/04\/mastercard-400x252.png 400w, https:\/\/sport.kids.hr\/wp-content\/uploads\/2024\/04\/mastercard-510x321.png 510w, https:\/\/sport.kids.hr\/wp-content\/uploads\/2024\/04\/mastercard-64x40.png 64w, https:\/\/sport.kids.hr\/wp-content\/uploads\/2024\/04\/mastercard.png 512w\" sizes=\"auto, (max-width: 300px) 100vw, 300px\" \/><\/a><\/figure><\/div>\n\n<div class=\"wp-block-column is-vertically-aligned-center is-layout-flow wp-block-column-is-layout-flow\"><figure class=\"wp-block-image size-medium is-resized\"><a href=\"https:\/\/www.mastercard.hr\/hr-hr\/privatni\/pronadite-karticu.html\"><img loading=\"lazy\" decoding=\"async\" width=\"300\" height=\"193\" src=\"https:\/\/sport.kids.hr\/wp-content\/uploads\/2024\/04\/maestro-1-300x193.png\" alt=\"\" class=\"wp-image-250693\" style=\"width:200px\" srcset=\"https:\/\/sport.kids.hr\/wp-content\/uploads\/2024\/04\/maestro-1-300x193.png 300w, https:\/\/sport.kids.hr\/wp-content\/uploads\/2024\/04\/maestro-1-400x257.png 400w, https:\/\/sport.kids.hr\/wp-content\/uploads\/2024\/04\/maestro-1-510x328.png 510w, https:\/\/sport.kids.hr\/wp-content\/uploads\/2024\/04\/maestro-1-64x41.png 64w, https:\/\/sport.kids.hr\/wp-content\/uploads\/2024\/04\/maestro-1.png 512w\" sizes=\"auto, (max-width: 300px) 100vw, 300px\" \/><\/a><\/figure><\/div>\n\n<div class=\"wp-block-column is-vertically-aligned-center is-layout-flow wp-block-column-is-layout-flow\"><figure class=\"wp-block-image size-medium is-resized .valign-wrapper\"><a href=\"https:\/\/www.erstecardclub.hr\/hr\/privatne-kartice\/diners-club\"><img decoding=\"async\" src=\"https:\/\/sport.kids.hr\/wp-content\/uploads\/2024\/04\/diners-1-300x78.png\" alt=\"\" class=\"wp-image-250694\" style=\"width:200px\"\/><\/a><\/figure><\/div><\/div><p>3. CorvusWallet<\/p><p>CorvusWallet je metoda pla\u0107anja koja vam omogu\u0107uje&nbsp;<strong>br\u017ea, jednostavnija i sigurnija&nbsp;<\/strong>pla\u0107anja jednom spremljenim karticama. Nema vi\u0161e potrebe za ukucavanja brojeva kartica, datuma isteka i ostalih informacija koje se unose na platnoj formi kada se ne pla\u0107a iz CorvusWallet-a. Potrebno je samo unijeti korisni\u010dko ime i lozinku korisni\u010dkog ra\u010duna.<\/p><p>\u00a0<strong>Sigrunosni programi pla\u0107anja:<\/strong><\/p><div class=\"wp-block-columns are-vertically-aligned-center is-layout-flex wp-container-core-columns-is-layout-9d6595d7 wp-block-columns-is-layout-flex\"><div class=\"wp-block-column is-vertically-aligned-center is-layout-flow wp-block-column-is-layout-flow\"><figure class=\"wp-block-image size-medium is-resized\"><a href=\"https:\/\/www.zaba.hr\/download\/ecommerce\/verified_by_visa.htm\"><img loading=\"lazy\" decoding=\"async\" width=\"300\" height=\"300\" src=\"https:\/\/sport.kids.hr\/wp-content\/uploads\/2024\/04\/Verified-by-Visa-300x300.png\" alt=\"\" class=\"wp-image-250709\" style=\"width:200px\" srcset=\"https:\/\/sport.kids.hr\/wp-content\/uploads\/2024\/04\/Verified-by-Visa-300x300.png 300w, https:\/\/sport.kids.hr\/wp-content\/uploads\/2024\/04\/Verified-by-Visa-1024x1024.png 1024w, https:\/\/sport.kids.hr\/wp-content\/uploads\/2024\/04\/Verified-by-Visa-150x150.png 150w, https:\/\/sport.kids.hr\/wp-content\/uploads\/2024\/04\/Verified-by-Visa-768x768.png 768w, https:\/\/sport.kids.hr\/wp-content\/uploads\/2024\/04\/Verified-by-Visa-1536x1536.png 1536w, https:\/\/sport.kids.hr\/wp-content\/uploads\/2024\/04\/Verified-by-Visa-2048x2048.png 2048w, https:\/\/sport.kids.hr\/wp-content\/uploads\/2024\/04\/Verified-by-Visa-400x400.png 400w, https:\/\/sport.kids.hr\/wp-content\/uploads\/2024\/04\/Verified-by-Visa-510x510.png 510w, https:\/\/sport.kids.hr\/wp-content\/uploads\/2024\/04\/Verified-by-Visa-100x100.png 100w, https:\/\/sport.kids.hr\/wp-content\/uploads\/2024\/04\/Verified-by-Visa-64x64.png 64w\" sizes=\"auto, (max-width: 300px) 100vw, 300px\" \/><\/a><\/figure><\/div>\n\n<div class=\"wp-block-column is-vertically-aligned-center is-layout-flow wp-block-column-is-layout-flow\"><figure class=\"wp-block-image size-medium is-resized\"><a href=\"https:\/\/www.zaba.hr\/download\/ecommerce\/master_securecode.htm\"><img loading=\"lazy\" decoding=\"async\" width=\"300\" height=\"196\" src=\"https:\/\/sport.kids.hr\/wp-content\/uploads\/2024\/04\/MasterCard-SecureCode-300x196.png\" alt=\"\" class=\"wp-image-250710\" style=\"width:200px\" srcset=\"https:\/\/sport.kids.hr\/wp-content\/uploads\/2024\/04\/MasterCard-SecureCode-300x196.png 300w, https:\/\/sport.kids.hr\/wp-content\/uploads\/2024\/04\/MasterCard-SecureCode-1024x670.png 1024w, https:\/\/sport.kids.hr\/wp-content\/uploads\/2024\/04\/MasterCard-SecureCode-768x502.png 768w, https:\/\/sport.kids.hr\/wp-content\/uploads\/2024\/04\/MasterCard-SecureCode-1536x1005.png 1536w, https:\/\/sport.kids.hr\/wp-content\/uploads\/2024\/04\/MasterCard-SecureCode-2048x1339.png 2048w, https:\/\/sport.kids.hr\/wp-content\/uploads\/2024\/04\/MasterCard-SecureCode-400x262.png 400w, https:\/\/sport.kids.hr\/wp-content\/uploads\/2024\/04\/MasterCard-SecureCode-510x334.png 510w, https:\/\/sport.kids.hr\/wp-content\/uploads\/2024\/04\/MasterCard-SecureCode-64x42.png 64w\" sizes=\"auto, (max-width: 300px) 100vw, 300px\" \/><\/a><\/figure><\/div>\n\n<div class=\"wp-block-column is-vertically-aligned-center is-layout-flow wp-block-column-is-layout-flow\"><figure class=\"wp-block-image size-medium is-resized\"><a href=\"https:\/\/www.erstecardclub.hr\/hr\/pogodnosti\/visa-mastercard-pogodnosti\/3d-usluge\"><img loading=\"lazy\" decoding=\"async\" width=\"300\" height=\"225\" src=\"https:\/\/sport.kids.hr\/wp-content\/uploads\/2024\/04\/Diners-Club-International-300x225.png\" alt=\"\" class=\"wp-image-250711\" style=\"width:200px\" srcset=\"https:\/\/sport.kids.hr\/wp-content\/uploads\/2024\/04\/Diners-Club-International-300x225.png 300w, https:\/\/sport.kids.hr\/wp-content\/uploads\/2024\/04\/Diners-Club-International-1024x768.png 1024w, https:\/\/sport.kids.hr\/wp-content\/uploads\/2024\/04\/Diners-Club-International-768x576.png 768w, https:\/\/sport.kids.hr\/wp-content\/uploads\/2024\/04\/Diners-Club-International-1536x1152.png 1536w, https:\/\/sport.kids.hr\/wp-content\/uploads\/2024\/04\/Diners-Club-International-2048x1536.png 2048w, https:\/\/sport.kids.hr\/wp-content\/uploads\/2024\/04\/Diners-Club-International-400x300.png 400w, https:\/\/sport.kids.hr\/wp-content\/uploads\/2024\/04\/Diners-Club-International-510x383.png 510w, https:\/\/sport.kids.hr\/wp-content\/uploads\/2024\/04\/Diners-Club-International-64x48.png 64w\" sizes=\"auto, (max-width: 300px) 100vw, 300px\" \/><\/a><\/figure><\/div><\/div><p><strong>Pregled narud\u017ebi<\/strong><\/p><p>Nakon uspje\u0161no predane narud\u017ebe na e-mail adresu primit \u0107ete potvrdu o obavljenoj narud\u017ebi, a sadr\u017eaj i status iste mo\u0107i \u0107ete u svakom trenutku provjeriti na svom ra\u010dunu na kids.hr.<\/p><p>Nakon \u0161tp Prodavatelj zaprimi narud\u017ebu, du\u017ean je provjeriti ispravnost naru\u010denih proizvoda. Nakon \u0161to je ustanovljeno da je proizvod u potpunosti ispravan, Prodavatelj to javlja kupcu, te se od tog trenutka smatra da je ugovor izme\u0111u Prodavatelja i Kupca sklopljen.&nbsp;<\/p><p><strong>NAPOMENA:<\/strong><\/p><p>Slike proizvoda na www.kids.hr webshopu su ilustrativne prirode. Slika koja ilustrira proizvod na internetskoj stranici www.kids.hr ne mora u potpunosti odgovarati stvarnom izgledu i sadr\u017eaju proizvoda te kupac takve prozvode ne mo\u017ee reklamirati s te osnove.<br>Ivaro Fashion \u0107e nastojati na web stranicama kids.hr objavljivati to\u010dne i aktualne podatke, ali ne preuzima odgovornost za to\u010dnost i potpunost istih.<\/p><p><strong>Sigurnost pri pla\u0107anju<\/strong><\/p><p>Pri pla\u0107anju na na\u0161oj web trgovini koristite CorvusPay \u2013 napredni sustav za siguran prihvat platnih kartica putem interneta. CorvusPay osigurava potpunu tajnost Va\u0161ih karti\u010dnih podataka ve\u0107 od trenutka kada ih upi\u0161ete u CorvusPay platni formular. Platni podaci proslje\u0111uju se \u0161ifrirano od Va\u0161eg web preglednika do banke koja je izdala Va\u0161u karticu. Na\u0161a trgovina nikada ne dolazi u kontakt s cjelovitim podacima o Va\u0161oj platnoj kartici. Tako\u0111er, podaci su nedostupni \u010dak i djelatnicima CorvusPay sustava. Izolirana jezgra samostalno prenosi i upravlja osjetljivim podacima, \u010duvaju\u0107i ih pri tom potpuno sigurnima.<\/p><p>Formular za upis platnih podataka osiguran je SSL transportnom \u0161ifrom najve\u0107e pouzdanosti. Svi skladi\u0161teni podaci dodatno su za\u0161ti\u0107eni \u0161ifriranjem, kori\u0161tenjem kriptografskog ure\u0111aja certificiranog prema FIPS 140-2 Level 3 standardu. CorvusPay zadovoljava sve zahtjeve vezane uz sigurnost&nbsp;<em>on-line&nbsp;<\/em>pla\u0107anja propisane od strane vode\u0107ih karti\u010dnih brandova, odnosno posluje sukladno normi \u2013 PCI DSS Level 1 \u2013 najvi\u0161i sigurnosni standard industrije platnih kartica. Pri pla\u0107anju karticama uvr\u0161tenim u 3-D Secure program Va\u0161a banka uz valjanost same kartice dodatno potvr\u0111uje i Va\u0161 identitet pomo\u0107u tokena ili lozinke.<\/p><p>Corvus Info sve prikupljene informacije smatra bankovnom tajnom i tretira ih u skladu s tim. Informacije se koriste isklju\u010divo u svrhe za koje su namijenjene. Va\u0161i osjetljivi podaci u potpunosti su sigurni, a njihova privatnost zajam\u010dena je najmodernijim za\u0161titnim mehanizmima. Prikupljaju se samo podaci nu\u017eni za obavljanje posla sukladno propisanim zahtjevnim procedurama za&nbsp;<em>on-line&nbsp;<\/em>pla\u0107anje.<\/p><p>Sigurnosne kontrole i operativne procedure primijenjene na na\u0161u infrastrukturu osiguravaju trenutnu pouzdanost CorvusPay sustava. Uz to odr\u017eavanjem stroge kontrole pristupa, redovitim pra\u0107enjem sigurnosti i dubinskim provjerama za sprje\u010davanje ranjivosti mre\u017ee te planskim provo\u0111enjem odredbi o informacijskoj sigurnosti trajno odr\u017eavaju i unaprje\u0111uju stupanj sigurnosti sustava za\u0161titom Va\u0161ih karti\u010dnih podataka.<\/p><p>Hvala \u0161to koristite CorvusPay!<\/p><figure class=\"wp-block-image size-full is-resized\"><a href=\"https:\/\/sport.kids.hr\/wp-content\/uploads\/2024\/04\/CorvusPAY.png\"><img loading=\"lazy\" decoding=\"async\" width=\"957\" height=\"235\" src=\"https:\/\/sport.kids.hr\/wp-content\/uploads\/2024\/04\/CorvusPAY.png\" alt=\"\" class=\"wp-image-250719\" style=\"width:auto;height:100px\" srcset=\"https:\/\/sport.kids.hr\/wp-content\/uploads\/2024\/04\/CorvusPAY.png 957w, https:\/\/sport.kids.hr\/wp-content\/uploads\/2024\/04\/CorvusPAY-300x74.png 300w, https:\/\/sport.kids.hr\/wp-content\/uploads\/2024\/04\/CorvusPAY-768x189.png 768w, https:\/\/sport.kids.hr\/wp-content\/uploads\/2024\/04\/CorvusPAY-400x98.png 400w, https:\/\/sport.kids.hr\/wp-content\/uploads\/2024\/04\/CorvusPAY-510x125.png 510w, https:\/\/sport.kids.hr\/wp-content\/uploads\/2024\/04\/CorvusPAY-64x16.png 64w\" sizes=\"auto, (max-width: 957px) 100vw, 957px\" \/><\/a><\/figure>","protected":false},"excerpt":{"rendered":"<p>KAKO KUPOVATI NA KIDS.HR Pla\u0107anje na internetskoj stranici www.kids.hr vr\u0161i se u eurima. Cijene su maloprodajne, izra\u017eene u eurima i u njima je sadr\u017ean pripadaju\u0107i PDV. &nbsp;Cijena svakog proizvoda odre\u0111ena je za svaki proizvod pojedina\u010dno. Proces upisivanja cijene na stranicu visoko je kontrolirani proces no unos cijena zahtjeva ljudski faktor te podrazumijeva mogu\u0107nost nastanka gre\u0161ke&#8230;.<\/p>","protected":false},"author":1,"featured_media":0,"parent":0,"menu_order":0,"comment_status":"closed","ping_status":"closed","template":"page-blank-title-center.php","meta":{"_acf_changed":false,"footnotes":""},"class_list":["post-8502","page","type-page","status-publish","hentry"],"acf":[],"_links":{"self":[{"href":"https:\/\/sport.kids.hr\/sl\/wp-json\/wp\/v2\/pages\/8502","targetHints":{"allow":["GET"]}}],"collection":[{"href":"https:\/\/sport.kids.hr\/sl\/wp-json\/wp\/v2\/pages"}],"about":[{"href":"https:\/\/sport.kids.hr\/sl\/wp-json\/wp\/v2\/types\/page"}],"author":[{"embeddable":true,"href":"https:\/\/sport.kids.hr\/sl\/wp-json\/wp\/v2\/users\/1"}],"replies":[{"embeddable":true,"href":"https:\/\/sport.kids.hr\/sl\/wp-json\/wp\/v2\/comments?post=8502"}],"version-history":[{"count":31,"href":"https:\/\/sport.kids.hr\/sl\/wp-json\/wp\/v2\/pages\/8502\/revisions"}],"predecessor-version":[{"id":250726,"href":"https:\/\/sport.kids.hr\/sl\/wp-json\/wp\/v2\/pages\/8502\/revisions\/250726"}],"wp:attachment":[{"href":"https:\/\/sport.kids.hr\/sl\/wp-json\/wp\/v2\/media?parent=8502"}],"curies":[{"name":"wp","href":"https:\/\/api.w.org\/{rel}","templated":true}]}}