{"id":8495,"date":"2023-10-13T06:38:14","date_gmt":"2023-10-13T06:38:14","guid":{"rendered":"https:\/\/sport.kids.hr\/?page_id=8495"},"modified":"2024-04-08T11:11:25","modified_gmt":"2024-04-08T11:11:25","slug":"informacije-o-dostavi","status":"publish","type":"page","link":"https:\/\/sport.kids.hr\/sl\/informacije-o-dostavi\/","title":{"rendered":"Informacije o dostavi"},"content":{"rendered":"<p style=\"font-size:22px\">Uz kupovinu ve\u0107u od 65,00 \u20ac, kupljene proizvode \u0161aljemo besplatno na Va\u0161u adresu po izboru!<br>Naru\u010dene proizvode obvezujemo se dostaviti u roku od 14 dana nakon evidentirane uplate.<br>Tro\u0161ak dostave se napla\u0107uje ukoliko je kompletan iznos ra\u010duna manji od 65,00 \u20ac.<br>Tro\u0161ak dostave iznosi 4,50 \u20ac. Ukoliko primijetite da je paket o\u0161te\u0107en niste ga du\u017eni preuzeti ve\u0107 mo\u017eete zatra\u017eiti novu po\u0161iljku.<br>O tome nas obavijestite\u00a0office@ivaro-fashion.hr<\/p>","protected":false},"excerpt":{"rendered":"<p>Uz kupovinu ve\u0107u od 65,00 \u20ac, kupljene proizvode \u0161aljemo besplatno na Va\u0161u adresu po izboru!Naru\u010dene proizvode obvezujemo se dostaviti u roku od 14 dana nakon evidentirane uplate.Tro\u0161ak dostave se napla\u0107uje ukoliko je kompletan iznos ra\u010duna manji od 65,00 \u20ac.Tro\u0161ak dostave iznosi 4,50 \u20ac. Ukoliko primijetite da je paket o\u0161te\u0107en niste ga du\u017eni preuzeti ve\u0107 mo\u017eete&#8230;<\/p>","protected":false},"author":1,"featured_media":0,"parent":0,"menu_order":0,"comment_status":"closed","ping_status":"closed","template":"page-blank-title-center.php","meta":{"_acf_changed":false,"footnotes":""},"class_list":["post-8495","page","type-page","status-publish","hentry"],"acf":[],"_links":{"self":[{"href":"https:\/\/sport.kids.hr\/sl\/wp-json\/wp\/v2\/pages\/8495","targetHints":{"allow":["GET"]}}],"collection":[{"href":"https:\/\/sport.kids.hr\/sl\/wp-json\/wp\/v2\/pages"}],"about":[{"href":"https:\/\/sport.kids.hr\/sl\/wp-json\/wp\/v2\/types\/page"}],"author":[{"embeddable":true,"href":"https:\/\/sport.kids.hr\/sl\/wp-json\/wp\/v2\/users\/1"}],"replies":[{"embeddable":true,"href":"https:\/\/sport.kids.hr\/sl\/wp-json\/wp\/v2\/comments?post=8495"}],"version-history":[{"count":8,"href":"https:\/\/sport.kids.hr\/sl\/wp-json\/wp\/v2\/pages\/8495\/revisions"}],"predecessor-version":[{"id":255595,"href":"https:\/\/sport.kids.hr\/sl\/wp-json\/wp\/v2\/pages\/8495\/revisions\/255595"}],"wp:attachment":[{"href":"https:\/\/sport.kids.hr\/sl\/wp-json\/wp\/v2\/media?parent=8495"}],"curies":[{"name":"wp","href":"https:\/\/api.w.org\/{rel}","templated":true}]}}