{"id":15,"date":"2023-03-03T12:48:04","date_gmt":"2023-03-03T12:48:04","guid":{"rendered":"https:\/\/sport.kids.hr\/?page_id=15"},"modified":"2024-04-04T13:01:29","modified_gmt":"2024-04-04T13:01:29","slug":"o-nama","status":"publish","type":"page","link":"https:\/\/sport.kids.hr\/sl\/o-nama\/","title":{"rendered":"O nama"},"content":{"rendered":"<section class=\"section\" id=\"section_536559334\">\n\t\t<div class=\"section-bg fill\" >\n\t\t\t<img loading=\"lazy\" decoding=\"async\" width=\"2560\" height=\"1707\" src=\"https:\/\/sport.kids.hr\/wp-content\/uploads\/2023\/03\/headway-5QgIuuBxKwM-unsplash-scaled.jpg\" class=\"bg attachment-original size-original\" alt=\"\" \/>\t\t\t\t\t\t<div class=\"section-bg-overlay absolute fill\"><\/div>\n\t\t\t\n\n\t\t<\/div>\n\n\t\t\n\n\t\t<div class=\"section-content relative\">\n\t\t\t\n\n\t<div id=\"text-2620504919\" class=\"text\">\n\t\t\n\n<h1><strong>O NAMA.<\/strong><\/h1>\n\t\t\n<style>\n#text-2620504919 {\n  font-size: 2rem;\n  text-align: center;\n  color: rgb(255, 255, 255);\n}\n#text-2620504919 > * {\n  color: rgb(255, 255, 255);\n}\n<\/style>\n\t<\/div>\n\t\n\n\t\t<\/div>\n\n\t\t\n<style>\n#section_536559334 {\n  padding-top: 30px;\n  padding-bottom: 30px;\n  min-height: 500px;\n  background-color: rgb(245, 245, 245);\n}\n#section_536559334 .section-bg-overlay {\n  background-color: rgba(121, 121, 121, 0.535);\n}\n#section_536559334 .section-bg img {\n  object-position: 53% 45%;\n}\n<\/style>\n\t<\/section>\n\t\n\n\t<section class=\"section\" id=\"section_1408089815\">\n\t\t<div class=\"section-bg fill\" >\n\t\t\t\t\t\t\t\t\t\n\t\t\t\n\n\t\t<\/div>\n\n\t\t\n\n\t\t<div class=\"section-content relative\">\n\t\t\t\n\n<div class=\"row align-center\"  id=\"row-1168713408\">\n\n\n\t<div id=\"col-1591515699\" class=\"col small-12 large-12\"  >\n\t\t\t\t<div class=\"col-inner text-center\"  >\n\t\t\t\n\t\t\t\n\n\t<div id=\"text-489299026\" class=\"text\">\n\t\t\n\n<p>Ivaro Fashion d.o.o.<\/p>\n<p><strong>Ivaro Fashion\u00a0<\/strong>\u2013 je fran\u0161izer svjetski popularnog branda\u00a0<strong>NEXT<\/strong>. S tradicijom duljom od 150 godina i vi\u0161e od 700 trgovina diljem svijeta, NEXT je potvrdio popularnost na svjetskom tr\u017ei\u0161tu.<\/p>\n<p>Glavni naglasak Next-ove kolekcije je vrhunska kvaliteta, te specifi\u010dan i moderan dizajn koji je dobro poznat ljubiteljima mode diljem svijeta.<\/p>\n<p>U Hrvatskoj Next du\u0107ane mo\u017eete prona\u0107i u zagreba\u010dkim shopping centrima Point, Avenue Mall i West Gate, te u splitskom trgova\u010dkom centru Joker.<\/p>\n<p>\u2013<\/p>\n<p>Trgova\u010dki sud: Zagreb, God.osnivanja: 2018, Temeljni kapital: 2.654,46 \u20ac <br \/>Uprava: Roman Rogi\u0107 \u2013 direktor, Iva \u010covi\u0107 Rogi\u0107 \u2013prokurist<\/p>\n<p>MBS:081183488, OIB:93401591688<br \/>Raiffeisen bank d.d. Zagreb, IBAN: HR5524840081135081428<\/p>\n<p>Swift: RZBHHR2XXXX, VAT ID: HR93401591688<\/p>\n\t\t\n<style>\n#text-489299026 {\n  font-size: 1.4rem;\n}\n<\/style>\n\t<\/div>\n\t\n\n\t\t<\/div>\n\t\t\t\t\n<style>\n#col-1591515699 > .col-inner {\n  padding: 50px 0px 0px 0px;\n}\n<\/style>\n\t<\/div>\n\n\t\n\n<\/div>\n\n\t\t<\/div>\n\n\t\t\n<style>\n#section_1408089815 {\n  padding-top: 30px;\n  padding-bottom: 30px;\n}\n<\/style>\n\t<\/section>","protected":false},"excerpt":{"rendered":"","protected":false},"author":1,"featured_media":0,"parent":0,"menu_order":0,"comment_status":"closed","ping_status":"closed","template":"","meta":{"_acf_changed":false,"footnotes":""},"class_list":["post-15","page","type-page","status-publish","hentry"],"acf":[],"_links":{"self":[{"href":"https:\/\/sport.kids.hr\/sl\/wp-json\/wp\/v2\/pages\/15","targetHints":{"allow":["GET"]}}],"collection":[{"href":"https:\/\/sport.kids.hr\/sl\/wp-json\/wp\/v2\/pages"}],"about":[{"href":"https:\/\/sport.kids.hr\/sl\/wp-json\/wp\/v2\/types\/page"}],"author":[{"embeddable":true,"href":"https:\/\/sport.kids.hr\/sl\/wp-json\/wp\/v2\/users\/1"}],"replies":[{"embeddable":true,"href":"https:\/\/sport.kids.hr\/sl\/wp-json\/wp\/v2\/comments?post=15"}],"version-history":[{"count":10,"href":"https:\/\/sport.kids.hr\/sl\/wp-json\/wp\/v2\/pages\/15\/revisions"}],"predecessor-version":[{"id":250737,"href":"https:\/\/sport.kids.hr\/sl\/wp-json\/wp\/v2\/pages\/15\/revisions\/250737"}],"wp:attachment":[{"href":"https:\/\/sport.kids.hr\/sl\/wp-json\/wp\/v2\/media?parent=15"}],"curies":[{"name":"wp","href":"https:\/\/api.w.org\/{rel}","templated":true}]}}